{"id":35,"date":"2025-12-02T09:53:54","date_gmt":"2025-12-02T09:53:54","guid":{"rendered":"https:\/\/maxance.icca-reims.fr\/?page_id=35"},"modified":"2025-12-04T16:43:31","modified_gmt":"2025-12-04T16:43:31","slug":"agence","status":"publish","type":"page","link":"https:\/\/maxance.icca-reims.fr\/?page_id=35","title":{"rendered":"L&rsquo;agence"},"content":{"rendered":"\t\t<div data-elementor-type=\"wp-page\" data-elementor-id=\"35\" class=\"elementor elementor-35\">\n\t\t\t\t<div class=\"elementor-element elementor-element-7131ed2 e-flex e-con-boxed wpr-particle-no wpr-jarallax-no wpr-parallax-no wpr-sticky-section-no wpr-column-slider-no wpr-equal-height-no elementor-invisible e-con e-parent\" data-id=\"7131ed2\" data-element_type=\"container\" data-e-type=\"container\" data-settings=\"{&quot;background_background&quot;:&quot;classic&quot;,&quot;animation&quot;:&quot;fadeInUp&quot;}\">\n\t\t\t\t\t<div class=\"e-con-inner\">\n\t\t\t\t<div class=\"elementor-element elementor-element-1b36805 elementor-widget__width-initial elementor-widget elementor-widget-heading\" data-id=\"1b36805\" data-element_type=\"widget\" data-e-type=\"widget\" data-widget_type=\"heading.default\">\n\t\t\t\t\t<h2 class=\"elementor-heading-title elementor-size-default\">Pulse Events, agence sp\u00e9cialis\u00e9e dans les \u00e9v\u00e9nements sportifs<\/h2>\t\t\t\t<\/div>\n\t\t\t\t\t<\/div>\n\t\t\t\t<\/div>\n\t\t<div class=\"elementor-element elementor-element-c6a6fdc e-flex e-con-boxed wpr-particle-no wpr-jarallax-no wpr-parallax-no wpr-sticky-section-no wpr-column-slider-no wpr-equal-height-no elementor-invisible e-con e-parent\" data-id=\"c6a6fdc\" data-element_type=\"container\" data-e-type=\"container\" data-settings=\"{&quot;animation&quot;:&quot;fadeInDown&quot;}\">\n\t\t\t\t\t<div class=\"e-con-inner\">\n\t\t\t\t<div class=\"elementor-element elementor-element-c782f73 elementor-widget elementor-widget-text-editor\" data-id=\"c782f73\" data-element_type=\"widget\" data-e-type=\"widget\" data-widget_type=\"text-editor.default\">\n\t\t\t\t\t\t\t\t\t<p><strong>Une expertise sportive qui fait vibrer :\u00a0<\/strong><\/p><p><strong>Depuis plus de 10 ans, Pulse Events accompagne les entreprises, collectivit\u00e9s et associations dans la cr\u00e9ation d&rsquo;exp\u00e9riences sportives uniques. Bas\u00e9s \u00e0 Reims, nous imaginons et organisons des \u00e9v\u00e9nements sur mesure : team building sportifs, challenges entreprise, animations, comp\u00e9titions et journ\u00e9e d\u00e9di\u00e9es \u00e0 la coh\u00e9sion.\u00a0<\/strong><\/p><p><strong>Du football au running, en passant par le fitness, les sports collectifs ou les d\u00e9fis multi-activit\u00e9s, nous transformons chaque occasion en un moment fort.\u00a0<\/strong><\/p><p><strong>Chaque ann\u00e9e, ce sont des centaines de participants qui vivent avec nous des \u00e9v\u00e9nements intenses, encadr\u00e9s et parfaitement orchestr\u00e9s. Avec Pulse Events, le sport devient une exp\u00e9rience \u00e0 partager, un moteur d&rsquo;\u00e9nergie pour vos \u00e9quipes.\u00a0<\/strong><\/p>\t\t\t\t\t\t\t\t<\/div>\n\t\t\t\t\t<\/div>\n\t\t\t\t<\/div>\n\t\t\t\t<\/div>\n\t\t","protected":false},"excerpt":{"rendered":"<p>Pulse Events, agence sp\u00e9cialis\u00e9e dans les \u00e9v\u00e9nements sportifs Une expertise sportive qui fait vibrer :\u00a0 Depuis plus de 10 ans, Pulse Events accompagne les entreprises, collectivit\u00e9s et associations dans la cr\u00e9ation d&rsquo;exp\u00e9riences sportives uniques. Bas\u00e9s \u00e0 Reims, nous imaginons et organisons des \u00e9v\u00e9nements sur mesure : team building sportifs, challenges entreprise, animations, comp\u00e9titions et journ\u00e9e d\u00e9di\u00e9es \u00e0 la coh\u00e9sion.\u00a0 Du football au running, en passant par le fitness, les sports collectifs ou les d\u00e9fis multi-activit\u00e9s, nous transformons chaque occasion en un moment fort.\u00a0 Chaque ann\u00e9e, ce sont des centaines de participants qui vivent avec nous des \u00e9v\u00e9nements intenses, encadr\u00e9s et parfaitement orchestr\u00e9s. Avec Pulse Events, le sport devient une exp\u00e9rience \u00e0 partager, un moteur d&rsquo;\u00e9nergie pour vos \u00e9quipes.\u00a0<\/p>\n","protected":false},"author":1,"featured_media":0,"parent":0,"menu_order":0,"comment_status":"closed","ping_status":"closed","template":"elementor_header_footer","meta":{"footnotes":""},"class_list":["post-35","page","type-page","status-publish","hentry"],"yoast_head":"<!-- This site is optimized with the Yoast SEO plugin v27.6 - https:\/\/yoast.com\/product\/yoast-seo-wordpress\/ -->\n<title>L&#039;agence - Praise The Sun<\/title>\n<meta name=\"robots\" content=\"index, follow, max-snippet:-1, max-image-preview:large, max-video-preview:-1\" \/>\n<link rel=\"canonical\" href=\"https:\/\/maxance.icca-reims.fr\/?page_id=35\" \/>\n<meta property=\"og:locale\" content=\"fr_FR\" \/>\n<meta property=\"og:type\" content=\"article\" \/>\n<meta property=\"og:title\" content=\"L&#039;agence - Praise The Sun\" \/>\n<meta property=\"og:description\" content=\"Pulse Events, agence sp\u00e9cialis\u00e9e dans les \u00e9v\u00e9nements sportifs Une expertise sportive qui fait vibrer :\u00a0 Depuis plus de 10 ans, Pulse Events accompagne les entreprises, collectivit\u00e9s et associations dans la cr\u00e9ation d&rsquo;exp\u00e9riences sportives uniques. Bas\u00e9s \u00e0 Reims, nous imaginons et organisons des \u00e9v\u00e9nements sur mesure : team building sportifs, challenges entreprise, animations, comp\u00e9titions et journ\u00e9e d\u00e9di\u00e9es \u00e0 la coh\u00e9sion.\u00a0 Du football au running, en passant par le fitness, les sports collectifs ou les d\u00e9fis multi-activit\u00e9s, nous transformons chaque occasion en un moment fort.\u00a0 Chaque ann\u00e9e, ce sont des centaines de participants qui vivent avec nous des \u00e9v\u00e9nements intenses, encadr\u00e9s et parfaitement orchestr\u00e9s. Avec Pulse Events, le sport devient une exp\u00e9rience \u00e0 partager, un moteur d&rsquo;\u00e9nergie pour vos \u00e9quipes.\u00a0\" \/>\n<meta property=\"og:url\" content=\"https:\/\/maxance.icca-reims.fr\/?page_id=35\" \/>\n<meta property=\"og:site_name\" content=\"Praise The Sun\" \/>\n<meta property=\"article:modified_time\" content=\"2025-12-04T16:43:31+00:00\" \/>\n<meta name=\"twitter:card\" content=\"summary_large_image\" \/>\n<meta name=\"twitter:label1\" content=\"Dur\u00e9e de lecture estim\u00e9e\" \/>\n\t<meta name=\"twitter:data1\" content=\"1 minute\" \/>\n<script type=\"application\/ld+json\" class=\"yoast-schema-graph\">{\"@context\":\"https:\\\/\\\/schema.org\",\"@graph\":[{\"@type\":\"WebPage\",\"@id\":\"https:\\\/\\\/maxance.icca-reims.fr\\\/?page_id=35\",\"url\":\"https:\\\/\\\/maxance.icca-reims.fr\\\/?page_id=35\",\"name\":\"L'agence - Praise The Sun\",\"isPartOf\":{\"@id\":\"https:\\\/\\\/maxance.icca-reims.fr\\\/#website\"},\"datePublished\":\"2025-12-02T09:53:54+00:00\",\"dateModified\":\"2025-12-04T16:43:31+00:00\",\"breadcrumb\":{\"@id\":\"https:\\\/\\\/maxance.icca-reims.fr\\\/?page_id=35#breadcrumb\"},\"inLanguage\":\"fr-FR\",\"potentialAction\":[{\"@type\":\"ReadAction\",\"target\":[\"https:\\\/\\\/maxance.icca-reims.fr\\\/?page_id=35\"]}]},{\"@type\":\"BreadcrumbList\",\"@id\":\"https:\\\/\\\/maxance.icca-reims.fr\\\/?page_id=35#breadcrumb\",\"itemListElement\":[{\"@type\":\"ListItem\",\"position\":1,\"name\":\"Accueil\",\"item\":\"https:\\\/\\\/maxance.icca-reims.fr\\\/\"},{\"@type\":\"ListItem\",\"position\":2,\"name\":\"L&rsquo;agence\"}]},{\"@type\":\"WebSite\",\"@id\":\"https:\\\/\\\/maxance.icca-reims.fr\\\/#website\",\"url\":\"https:\\\/\\\/maxance.icca-reims.fr\\\/\",\"name\":\"Praise The Sun\",\"description\":\"\",\"potentialAction\":[{\"@type\":\"SearchAction\",\"target\":{\"@type\":\"EntryPoint\",\"urlTemplate\":\"https:\\\/\\\/maxance.icca-reims.fr\\\/?s={search_term_string}\"},\"query-input\":{\"@type\":\"PropertyValueSpecification\",\"valueRequired\":true,\"valueName\":\"search_term_string\"}}],\"inLanguage\":\"fr-FR\"}]}<\/script>\n<!-- \/ Yoast SEO plugin. -->","yoast_head_json":{"title":"L'agence - Praise The Sun","robots":{"index":"index","follow":"follow","max-snippet":"max-snippet:-1","max-image-preview":"max-image-preview:large","max-video-preview":"max-video-preview:-1"},"canonical":"https:\/\/maxance.icca-reims.fr\/?page_id=35","og_locale":"fr_FR","og_type":"article","og_title":"L'agence - Praise The Sun","og_description":"Pulse Events, agence sp\u00e9cialis\u00e9e dans les \u00e9v\u00e9nements sportifs Une expertise sportive qui fait vibrer :\u00a0 Depuis plus de 10 ans, Pulse Events accompagne les entreprises, collectivit\u00e9s et associations dans la cr\u00e9ation d&rsquo;exp\u00e9riences sportives uniques. Bas\u00e9s \u00e0 Reims, nous imaginons et organisons des \u00e9v\u00e9nements sur mesure : team building sportifs, challenges entreprise, animations, comp\u00e9titions et journ\u00e9e d\u00e9di\u00e9es \u00e0 la coh\u00e9sion.\u00a0 Du football au running, en passant par le fitness, les sports collectifs ou les d\u00e9fis multi-activit\u00e9s, nous transformons chaque occasion en un moment fort.\u00a0 Chaque ann\u00e9e, ce sont des centaines de participants qui vivent avec nous des \u00e9v\u00e9nements intenses, encadr\u00e9s et parfaitement orchestr\u00e9s. Avec Pulse Events, le sport devient une exp\u00e9rience \u00e0 partager, un moteur d&rsquo;\u00e9nergie pour vos \u00e9quipes.\u00a0","og_url":"https:\/\/maxance.icca-reims.fr\/?page_id=35","og_site_name":"Praise The Sun","article_modified_time":"2025-12-04T16:43:31+00:00","twitter_card":"summary_large_image","twitter_misc":{"Dur\u00e9e de lecture estim\u00e9e":"1 minute"},"schema":{"@context":"https:\/\/schema.org","@graph":[{"@type":"WebPage","@id":"https:\/\/maxance.icca-reims.fr\/?page_id=35","url":"https:\/\/maxance.icca-reims.fr\/?page_id=35","name":"L'agence - Praise The Sun","isPartOf":{"@id":"https:\/\/maxance.icca-reims.fr\/#website"},"datePublished":"2025-12-02T09:53:54+00:00","dateModified":"2025-12-04T16:43:31+00:00","breadcrumb":{"@id":"https:\/\/maxance.icca-reims.fr\/?page_id=35#breadcrumb"},"inLanguage":"fr-FR","potentialAction":[{"@type":"ReadAction","target":["https:\/\/maxance.icca-reims.fr\/?page_id=35"]}]},{"@type":"BreadcrumbList","@id":"https:\/\/maxance.icca-reims.fr\/?page_id=35#breadcrumb","itemListElement":[{"@type":"ListItem","position":1,"name":"Accueil","item":"https:\/\/maxance.icca-reims.fr\/"},{"@type":"ListItem","position":2,"name":"L&rsquo;agence"}]},{"@type":"WebSite","@id":"https:\/\/maxance.icca-reims.fr\/#website","url":"https:\/\/maxance.icca-reims.fr\/","name":"Praise The Sun","description":"","potentialAction":[{"@type":"SearchAction","target":{"@type":"EntryPoint","urlTemplate":"https:\/\/maxance.icca-reims.fr\/?s={search_term_string}"},"query-input":{"@type":"PropertyValueSpecification","valueRequired":true,"valueName":"search_term_string"}}],"inLanguage":"fr-FR"}]}},"_links":{"self":[{"href":"https:\/\/maxance.icca-reims.fr\/index.php?rest_route=\/wp\/v2\/pages\/35","targetHints":{"allow":["GET"]}}],"collection":[{"href":"https:\/\/maxance.icca-reims.fr\/index.php?rest_route=\/wp\/v2\/pages"}],"about":[{"href":"https:\/\/maxance.icca-reims.fr\/index.php?rest_route=\/wp\/v2\/types\/page"}],"author":[{"embeddable":true,"href":"https:\/\/maxance.icca-reims.fr\/index.php?rest_route=\/wp\/v2\/users\/1"}],"replies":[{"embeddable":true,"href":"https:\/\/maxance.icca-reims.fr\/index.php?rest_route=%2Fwp%2Fv2%2Fcomments&post=35"}],"version-history":[{"count":32,"href":"https:\/\/maxance.icca-reims.fr\/index.php?rest_route=\/wp\/v2\/pages\/35\/revisions"}],"predecessor-version":[{"id":318,"href":"https:\/\/maxance.icca-reims.fr\/index.php?rest_route=\/wp\/v2\/pages\/35\/revisions\/318"}],"wp:attachment":[{"href":"https:\/\/maxance.icca-reims.fr\/index.php?rest_route=%2Fwp%2Fv2%2Fmedia&parent=35"}],"curies":[{"name":"wp","href":"https:\/\/api.w.org\/{rel}","templated":true}]}}