{"id":43,"date":"2025-12-02T09:56:47","date_gmt":"2025-12-02T09:56:47","guid":{"rendered":"https:\/\/maxance.icca-reims.fr\/?page_id=43"},"modified":"2025-12-04T16:11:38","modified_gmt":"2025-12-04T16:11:38","slug":"elementor-43","status":"publish","type":"page","link":"https:\/\/maxance.icca-reims.fr\/?page_id=43","title":{"rendered":"Nos projets"},"content":{"rendered":"\t\t<div data-elementor-type=\"wp-page\" data-elementor-id=\"43\" class=\"elementor elementor-43\">\n\t\t\t\t<div class=\"elementor-element elementor-element-7474ec0 e-flex e-con-boxed wpr-particle-no wpr-jarallax-no wpr-parallax-no wpr-sticky-section-no wpr-column-slider-no wpr-equal-height-no elementor-invisible e-con e-parent\" data-id=\"7474ec0\" data-element_type=\"container\" data-e-type=\"container\" data-settings=\"{&quot;animation&quot;:&quot;fadeInDown&quot;}\">\n\t\t\t\t\t<div class=\"e-con-inner\">\n\t\t<div class=\"elementor-element elementor-element-4abb542 e-con-full e-flex wpr-particle-no wpr-jarallax-no wpr-parallax-no wpr-sticky-section-no wpr-column-slider-no wpr-equal-height-no e-con e-child\" data-id=\"4abb542\" data-element_type=\"container\" data-e-type=\"container\">\n\t\t\t\t<div class=\"elementor-element elementor-element-7c9fb70 elementor-invisible elementor-widget elementor-widget-image\" data-id=\"7c9fb70\" data-element_type=\"widget\" data-e-type=\"widget\" data-settings=\"{&quot;_animation&quot;:&quot;fadeInDown&quot;}\" data-widget_type=\"image.default\">\n\t\t\t\t\t\t\t\t\t\t\t\t<figure class=\"wp-caption\">\n\t\t\t\t\t\t\t\t\t\t\t<a href=\"\/\">\n\t\t\t\t\t\t\t<img fetchpriority=\"high\" decoding=\"async\" width=\"800\" height=\"450\" src=\"https:\/\/maxance.icca-reims.fr\/wp-content\/uploads\/2025\/12\/e0a70f72bdae9885bfc32d7cd19a26a1_XL.jpg\" class=\"attachment-large size-large wp-image-106\" alt=\"\" srcset=\"https:\/\/maxance.icca-reims.fr\/wp-content\/uploads\/2025\/12\/e0a70f72bdae9885bfc32d7cd19a26a1_XL.jpg 900w, https:\/\/maxance.icca-reims.fr\/wp-content\/uploads\/2025\/12\/e0a70f72bdae9885bfc32d7cd19a26a1_XL-300x169.jpg 300w, https:\/\/maxance.icca-reims.fr\/wp-content\/uploads\/2025\/12\/e0a70f72bdae9885bfc32d7cd19a26a1_XL-768x432.jpg 768w\" sizes=\"(max-width: 800px) 100vw, 800px\" \/>\t\t\t\t\t\t\t\t<\/a>\n\t\t\t\t\t\t\t\t\t\t\t<figcaption class=\"widget-image-caption wp-caption-text\">Journ\u00e9e d\u00e9couverte sportive<\/figcaption>\n\t\t\t\t\t\t\t\t\t\t<\/figure>\n\t\t\t\t\t\t\t\t\t<\/div>\n\t\t\t\t<\/div>\n\t\t<div class=\"elementor-element elementor-element-928bebe e-con-full e-flex wpr-particle-no wpr-jarallax-no wpr-parallax-no wpr-sticky-section-no wpr-column-slider-no wpr-equal-height-no e-con e-child\" data-id=\"928bebe\" data-element_type=\"container\" data-e-type=\"container\">\n\t\t\t\t<div class=\"elementor-element elementor-element-7aa1f11 elementor-invisible elementor-widget elementor-widget-image\" data-id=\"7aa1f11\" data-element_type=\"widget\" data-e-type=\"widget\" data-settings=\"{&quot;_animation&quot;:&quot;fadeInDown&quot;}\" data-widget_type=\"image.default\">\n\t\t\t\t\t\t\t\t\t\t\t\t<figure class=\"wp-caption\">\n\t\t\t\t\t\t\t\t\t\t\t<a href=\"\/\">\n\t\t\t\t\t\t\t<img decoding=\"async\" width=\"800\" height=\"454\" src=\"https:\/\/maxance.icca-reims.fr\/wp-content\/uploads\/2025\/12\/1200x680.jpeg\" class=\"attachment-large size-large wp-image-104\" alt=\"\" srcset=\"https:\/\/maxance.icca-reims.fr\/wp-content\/uploads\/2025\/12\/1200x680.jpeg 993w, https:\/\/maxance.icca-reims.fr\/wp-content\/uploads\/2025\/12\/1200x680-300x170.jpeg 300w, https:\/\/maxance.icca-reims.fr\/wp-content\/uploads\/2025\/12\/1200x680-768x435.jpeg 768w\" sizes=\"(max-width: 800px) 100vw, 800px\" \/>\t\t\t\t\t\t\t\t<\/a>\n\t\t\t\t\t\t\t\t\t\t\t<figcaption class=\"widget-image-caption wp-caption-text\">Foul\u00e9e des Sacres<\/figcaption>\n\t\t\t\t\t\t\t\t\t\t<\/figure>\n\t\t\t\t\t\t\t\t\t<\/div>\n\t\t\t\t<\/div>\n\t\t<div class=\"elementor-element elementor-element-588ee84 e-con-full e-flex wpr-particle-no wpr-jarallax-no wpr-parallax-no wpr-sticky-section-no wpr-column-slider-no wpr-equal-height-no e-con e-child\" data-id=\"588ee84\" data-element_type=\"container\" data-e-type=\"container\">\n\t\t\t\t<div class=\"elementor-element elementor-element-f0ad94b elementor-invisible elementor-widget elementor-widget-image\" data-id=\"f0ad94b\" data-element_type=\"widget\" data-e-type=\"widget\" data-settings=\"{&quot;_animation&quot;:&quot;fadeInDown&quot;}\" data-widget_type=\"image.default\">\n\t\t\t\t\t\t\t\t\t\t\t\t<figure class=\"wp-caption\">\n\t\t\t\t\t\t\t\t\t\t\t<a href=\"\/\">\n\t\t\t\t\t\t\t<img decoding=\"async\" width=\"800\" height=\"533\" src=\"https:\/\/maxance.icca-reims.fr\/wp-content\/uploads\/2025\/12\/organiser-team-building-sport-nantes-1.jpg\" class=\"attachment-large size-large wp-image-111\" alt=\"\" srcset=\"https:\/\/maxance.icca-reims.fr\/wp-content\/uploads\/2025\/12\/organiser-team-building-sport-nantes-1.jpg 900w, https:\/\/maxance.icca-reims.fr\/wp-content\/uploads\/2025\/12\/organiser-team-building-sport-nantes-1-300x200.jpg 300w, https:\/\/maxance.icca-reims.fr\/wp-content\/uploads\/2025\/12\/organiser-team-building-sport-nantes-1-768x512.jpg 768w\" sizes=\"(max-width: 800px) 100vw, 800px\" \/>\t\t\t\t\t\t\t\t<\/a>\n\t\t\t\t\t\t\t\t\t\t\t<figcaption class=\"widget-image-caption wp-caption-text\">Journ\u00e9e Team Building<\/figcaption>\n\t\t\t\t\t\t\t\t\t\t<\/figure>\n\t\t\t\t\t\t\t\t\t<\/div>\n\t\t\t\t<\/div>\n\t\t<div class=\"elementor-element elementor-element-86fb862 e-con-full e-flex wpr-particle-no wpr-jarallax-no wpr-parallax-no wpr-sticky-section-no wpr-column-slider-no wpr-equal-height-no e-con e-child\" data-id=\"86fb862\" data-element_type=\"container\" data-e-type=\"container\">\n\t\t\t\t<div class=\"elementor-element elementor-element-9b1fe48 elementor-invisible elementor-widget elementor-widget-image\" data-id=\"9b1fe48\" data-element_type=\"widget\" data-e-type=\"widget\" data-settings=\"{&quot;_animation&quot;:&quot;fadeInUp&quot;}\" data-widget_type=\"image.default\">\n\t\t\t\t\t\t\t\t\t\t\t\t<figure class=\"wp-caption\">\n\t\t\t\t\t\t\t\t\t\t\t<a href=\"\/\">\n\t\t\t\t\t\t\t<img loading=\"lazy\" decoding=\"async\" width=\"800\" height=\"453\" src=\"https:\/\/maxance.icca-reims.fr\/wp-content\/uploads\/2025\/12\/1200x680-1-1024x580.jpeg\" class=\"attachment-large size-large wp-image-284\" alt=\"\" srcset=\"https:\/\/maxance.icca-reims.fr\/wp-content\/uploads\/2025\/12\/1200x680-1-1024x580.jpeg 1024w, https:\/\/maxance.icca-reims.fr\/wp-content\/uploads\/2025\/12\/1200x680-1-300x170.jpeg 300w, https:\/\/maxance.icca-reims.fr\/wp-content\/uploads\/2025\/12\/1200x680-1-768x435.jpeg 768w, https:\/\/maxance.icca-reims.fr\/wp-content\/uploads\/2025\/12\/1200x680-1.jpeg 1200w\" sizes=\"(max-width: 800px) 100vw, 800px\" \/>\t\t\t\t\t\t\t\t<\/a>\n\t\t\t\t\t\t\t\t\t\t\t<figcaption class=\"widget-image-caption wp-caption-text\">Passage de la flamme olympique \u00e0 Reims<\/figcaption>\n\t\t\t\t\t\t\t\t\t\t<\/figure>\n\t\t\t\t\t\t\t\t\t<\/div>\n\t\t\t\t<\/div>\n\t\t<div class=\"elementor-element elementor-element-adabc20 e-con-full e-flex wpr-particle-no wpr-jarallax-no wpr-parallax-no wpr-sticky-section-no wpr-column-slider-no wpr-equal-height-no e-con e-child\" data-id=\"adabc20\" data-element_type=\"container\" data-e-type=\"container\">\n\t\t\t\t<div class=\"elementor-element elementor-element-db46826 elementor-invisible elementor-widget elementor-widget-image\" data-id=\"db46826\" data-element_type=\"widget\" data-e-type=\"widget\" data-settings=\"{&quot;_animation&quot;:&quot;fadeInUp&quot;}\" data-widget_type=\"image.default\">\n\t\t\t\t\t\t\t\t\t\t\t\t<figure class=\"wp-caption\">\n\t\t\t\t\t\t\t\t\t\t\t<a href=\"\/\">\n\t\t\t\t\t\t\t<img loading=\"lazy\" decoding=\"async\" width=\"780\" height=\"520\" src=\"https:\/\/maxance.icca-reims.fr\/wp-content\/uploads\/2025\/12\/00054341_normal.jpg\" class=\"attachment-large size-large wp-image-285\" alt=\"\" srcset=\"https:\/\/maxance.icca-reims.fr\/wp-content\/uploads\/2025\/12\/00054341_normal.jpg 780w, https:\/\/maxance.icca-reims.fr\/wp-content\/uploads\/2025\/12\/00054341_normal-300x200.jpg 300w, https:\/\/maxance.icca-reims.fr\/wp-content\/uploads\/2025\/12\/00054341_normal-768x512.jpg 768w\" sizes=\"(max-width: 780px) 100vw, 780px\" \/>\t\t\t\t\t\t\t\t<\/a>\n\t\t\t\t\t\t\t\t\t\t\t<figcaption class=\"widget-image-caption wp-caption-text\">R\u00e9ception des Fise Xperience \u00e0 Reims<\/figcaption>\n\t\t\t\t\t\t\t\t\t\t<\/figure>\n\t\t\t\t\t\t\t\t\t<\/div>\n\t\t\t\t<\/div>\n\t\t<div class=\"elementor-element elementor-element-e2a2ab7 e-con-full e-flex wpr-particle-no wpr-jarallax-no wpr-parallax-no wpr-sticky-section-no wpr-column-slider-no wpr-equal-height-no e-con e-child\" data-id=\"e2a2ab7\" data-element_type=\"container\" data-e-type=\"container\">\n\t\t\t\t<div class=\"elementor-element elementor-element-081a4f4 elementor-invisible elementor-widget elementor-widget-image\" data-id=\"081a4f4\" data-element_type=\"widget\" data-e-type=\"widget\" data-settings=\"{&quot;_animation&quot;:&quot;fadeInUp&quot;}\" data-widget_type=\"image.default\">\n\t\t\t\t\t\t\t\t\t\t\t\t<figure class=\"wp-caption\">\n\t\t\t\t\t\t\t\t\t\t\t<a href=\"\/\">\n\t\t\t\t\t\t\t<img loading=\"lazy\" decoding=\"async\" width=\"800\" height=\"466\" src=\"https:\/\/maxance.icca-reims.fr\/wp-content\/uploads\/2025\/12\/Auguste_article-1024x597.jpg\" class=\"attachment-large size-large wp-image-286\" alt=\"\" srcset=\"https:\/\/maxance.icca-reims.fr\/wp-content\/uploads\/2025\/12\/Auguste_article-1024x597.jpg 1024w, https:\/\/maxance.icca-reims.fr\/wp-content\/uploads\/2025\/12\/Auguste_article-300x175.jpg 300w, https:\/\/maxance.icca-reims.fr\/wp-content\/uploads\/2025\/12\/Auguste_article-768x448.jpg 768w, https:\/\/maxance.icca-reims.fr\/wp-content\/uploads\/2025\/12\/Auguste_article.jpg 1200w\" sizes=\"(max-width: 800px) 100vw, 800px\" \/>\t\t\t\t\t\t\t\t<\/a>\n\t\t\t\t\t\t\t\t\t\t\t<figcaption class=\"widget-image-caption wp-caption-text\">Animations lors des matchs du Stade de Reims<\/figcaption>\n\t\t\t\t\t\t\t\t\t\t<\/figure>\n\t\t\t\t\t\t\t\t\t<\/div>\n\t\t\t\t<\/div>\n\t\t\t\t\t<\/div>\n\t\t\t\t<\/div>\n\t\t\t\t<\/div>\n\t\t","protected":false},"excerpt":{"rendered":"<p>Journ\u00e9e d\u00e9couverte sportive Foul\u00e9e des Sacres Journ\u00e9e Team Building Passage de la flamme olympique \u00e0 Reims R\u00e9ception des Fise Xperience \u00e0 Reims Animations lors des matchs du Stade de Reims<\/p>\n","protected":false},"author":1,"featured_media":0,"parent":0,"menu_order":0,"comment_status":"closed","ping_status":"closed","template":"elementor_header_footer","meta":{"footnotes":""},"class_list":["post-43","page","type-page","status-publish","hentry"],"yoast_head":"<!-- This site is optimized with the Yoast SEO plugin v27.6 - https:\/\/yoast.com\/product\/yoast-seo-wordpress\/ -->\n<title>Nos projets - Praise The Sun<\/title>\n<meta name=\"robots\" content=\"index, follow, max-snippet:-1, max-image-preview:large, max-video-preview:-1\" \/>\n<link rel=\"canonical\" href=\"https:\/\/maxance.icca-reims.fr\/?page_id=43\" \/>\n<meta property=\"og:locale\" content=\"fr_FR\" \/>\n<meta property=\"og:type\" content=\"article\" \/>\n<meta property=\"og:title\" content=\"Nos projets - Praise The Sun\" \/>\n<meta property=\"og:description\" content=\"Journ\u00e9e d\u00e9couverte sportive Foul\u00e9e des Sacres Journ\u00e9e Team Building Passage de la flamme olympique \u00e0 Reims R\u00e9ception des Fise Xperience \u00e0 Reims Animations lors des matchs du Stade de Reims\" \/>\n<meta property=\"og:url\" content=\"https:\/\/maxance.icca-reims.fr\/?page_id=43\" \/>\n<meta property=\"og:site_name\" content=\"Praise The Sun\" \/>\n<meta property=\"article:modified_time\" content=\"2025-12-04T16:11:38+00:00\" \/>\n<meta property=\"og:image\" content=\"https:\/\/maxance.icca-reims.fr\/wp-content\/uploads\/2025\/12\/e0a70f72bdae9885bfc32d7cd19a26a1_XL.jpg\" \/>\n\t<meta property=\"og:image:width\" content=\"900\" \/>\n\t<meta property=\"og:image:height\" content=\"506\" \/>\n\t<meta property=\"og:image:type\" content=\"image\/jpeg\" \/>\n<meta name=\"twitter:card\" content=\"summary_large_image\" \/>\n<meta name=\"twitter:label1\" content=\"Dur\u00e9e de lecture estim\u00e9e\" \/>\n\t<meta name=\"twitter:data1\" content=\"2 minutes\" \/>\n<script type=\"application\/ld+json\" class=\"yoast-schema-graph\">{\"@context\":\"https:\\\/\\\/schema.org\",\"@graph\":[{\"@type\":\"WebPage\",\"@id\":\"https:\\\/\\\/maxance.icca-reims.fr\\\/?page_id=43\",\"url\":\"https:\\\/\\\/maxance.icca-reims.fr\\\/?page_id=43\",\"name\":\"Nos projets - Praise The Sun\",\"isPartOf\":{\"@id\":\"https:\\\/\\\/maxance.icca-reims.fr\\\/#website\"},\"primaryImageOfPage\":{\"@id\":\"https:\\\/\\\/maxance.icca-reims.fr\\\/?page_id=43#primaryimage\"},\"image\":{\"@id\":\"https:\\\/\\\/maxance.icca-reims.fr\\\/?page_id=43#primaryimage\"},\"thumbnailUrl\":\"https:\\\/\\\/maxance.icca-reims.fr\\\/wp-content\\\/uploads\\\/2025\\\/12\\\/e0a70f72bdae9885bfc32d7cd19a26a1_XL.jpg\",\"datePublished\":\"2025-12-02T09:56:47+00:00\",\"dateModified\":\"2025-12-04T16:11:38+00:00\",\"breadcrumb\":{\"@id\":\"https:\\\/\\\/maxance.icca-reims.fr\\\/?page_id=43#breadcrumb\"},\"inLanguage\":\"fr-FR\",\"potentialAction\":[{\"@type\":\"ReadAction\",\"target\":[\"https:\\\/\\\/maxance.icca-reims.fr\\\/?page_id=43\"]}]},{\"@type\":\"ImageObject\",\"inLanguage\":\"fr-FR\",\"@id\":\"https:\\\/\\\/maxance.icca-reims.fr\\\/?page_id=43#primaryimage\",\"url\":\"https:\\\/\\\/maxance.icca-reims.fr\\\/wp-content\\\/uploads\\\/2025\\\/12\\\/e0a70f72bdae9885bfc32d7cd19a26a1_XL.jpg\",\"contentUrl\":\"https:\\\/\\\/maxance.icca-reims.fr\\\/wp-content\\\/uploads\\\/2025\\\/12\\\/e0a70f72bdae9885bfc32d7cd19a26a1_XL.jpg\",\"width\":900,\"height\":506},{\"@type\":\"BreadcrumbList\",\"@id\":\"https:\\\/\\\/maxance.icca-reims.fr\\\/?page_id=43#breadcrumb\",\"itemListElement\":[{\"@type\":\"ListItem\",\"position\":1,\"name\":\"Accueil\",\"item\":\"https:\\\/\\\/maxance.icca-reims.fr\\\/\"},{\"@type\":\"ListItem\",\"position\":2,\"name\":\"Nos projets\"}]},{\"@type\":\"WebSite\",\"@id\":\"https:\\\/\\\/maxance.icca-reims.fr\\\/#website\",\"url\":\"https:\\\/\\\/maxance.icca-reims.fr\\\/\",\"name\":\"Praise The Sun\",\"description\":\"\",\"potentialAction\":[{\"@type\":\"SearchAction\",\"target\":{\"@type\":\"EntryPoint\",\"urlTemplate\":\"https:\\\/\\\/maxance.icca-reims.fr\\\/?s={search_term_string}\"},\"query-input\":{\"@type\":\"PropertyValueSpecification\",\"valueRequired\":true,\"valueName\":\"search_term_string\"}}],\"inLanguage\":\"fr-FR\"}]}<\/script>\n<!-- \/ Yoast SEO plugin. -->","yoast_head_json":{"title":"Nos projets - Praise The Sun","robots":{"index":"index","follow":"follow","max-snippet":"max-snippet:-1","max-image-preview":"max-image-preview:large","max-video-preview":"max-video-preview:-1"},"canonical":"https:\/\/maxance.icca-reims.fr\/?page_id=43","og_locale":"fr_FR","og_type":"article","og_title":"Nos projets - Praise The Sun","og_description":"Journ\u00e9e d\u00e9couverte sportive Foul\u00e9e des Sacres Journ\u00e9e Team Building Passage de la flamme olympique \u00e0 Reims R\u00e9ception des Fise Xperience \u00e0 Reims Animations lors des matchs du Stade de Reims","og_url":"https:\/\/maxance.icca-reims.fr\/?page_id=43","og_site_name":"Praise The Sun","article_modified_time":"2025-12-04T16:11:38+00:00","og_image":[{"width":900,"height":506,"url":"https:\/\/maxance.icca-reims.fr\/wp-content\/uploads\/2025\/12\/e0a70f72bdae9885bfc32d7cd19a26a1_XL.jpg","type":"image\/jpeg"}],"twitter_card":"summary_large_image","twitter_misc":{"Dur\u00e9e de lecture estim\u00e9e":"2 minutes"},"schema":{"@context":"https:\/\/schema.org","@graph":[{"@type":"WebPage","@id":"https:\/\/maxance.icca-reims.fr\/?page_id=43","url":"https:\/\/maxance.icca-reims.fr\/?page_id=43","name":"Nos projets - Praise The Sun","isPartOf":{"@id":"https:\/\/maxance.icca-reims.fr\/#website"},"primaryImageOfPage":{"@id":"https:\/\/maxance.icca-reims.fr\/?page_id=43#primaryimage"},"image":{"@id":"https:\/\/maxance.icca-reims.fr\/?page_id=43#primaryimage"},"thumbnailUrl":"https:\/\/maxance.icca-reims.fr\/wp-content\/uploads\/2025\/12\/e0a70f72bdae9885bfc32d7cd19a26a1_XL.jpg","datePublished":"2025-12-02T09:56:47+00:00","dateModified":"2025-12-04T16:11:38+00:00","breadcrumb":{"@id":"https:\/\/maxance.icca-reims.fr\/?page_id=43#breadcrumb"},"inLanguage":"fr-FR","potentialAction":[{"@type":"ReadAction","target":["https:\/\/maxance.icca-reims.fr\/?page_id=43"]}]},{"@type":"ImageObject","inLanguage":"fr-FR","@id":"https:\/\/maxance.icca-reims.fr\/?page_id=43#primaryimage","url":"https:\/\/maxance.icca-reims.fr\/wp-content\/uploads\/2025\/12\/e0a70f72bdae9885bfc32d7cd19a26a1_XL.jpg","contentUrl":"https:\/\/maxance.icca-reims.fr\/wp-content\/uploads\/2025\/12\/e0a70f72bdae9885bfc32d7cd19a26a1_XL.jpg","width":900,"height":506},{"@type":"BreadcrumbList","@id":"https:\/\/maxance.icca-reims.fr\/?page_id=43#breadcrumb","itemListElement":[{"@type":"ListItem","position":1,"name":"Accueil","item":"https:\/\/maxance.icca-reims.fr\/"},{"@type":"ListItem","position":2,"name":"Nos projets"}]},{"@type":"WebSite","@id":"https:\/\/maxance.icca-reims.fr\/#website","url":"https:\/\/maxance.icca-reims.fr\/","name":"Praise The Sun","description":"","potentialAction":[{"@type":"SearchAction","target":{"@type":"EntryPoint","urlTemplate":"https:\/\/maxance.icca-reims.fr\/?s={search_term_string}"},"query-input":{"@type":"PropertyValueSpecification","valueRequired":true,"valueName":"search_term_string"}}],"inLanguage":"fr-FR"}]}},"_links":{"self":[{"href":"https:\/\/maxance.icca-reims.fr\/index.php?rest_route=\/wp\/v2\/pages\/43","targetHints":{"allow":["GET"]}}],"collection":[{"href":"https:\/\/maxance.icca-reims.fr\/index.php?rest_route=\/wp\/v2\/pages"}],"about":[{"href":"https:\/\/maxance.icca-reims.fr\/index.php?rest_route=\/wp\/v2\/types\/page"}],"author":[{"embeddable":true,"href":"https:\/\/maxance.icca-reims.fr\/index.php?rest_route=\/wp\/v2\/users\/1"}],"replies":[{"embeddable":true,"href":"https:\/\/maxance.icca-reims.fr\/index.php?rest_route=%2Fwp%2Fv2%2Fcomments&post=43"}],"version-history":[{"count":32,"href":"https:\/\/maxance.icca-reims.fr\/index.php?rest_route=\/wp\/v2\/pages\/43\/revisions"}],"predecessor-version":[{"id":295,"href":"https:\/\/maxance.icca-reims.fr\/index.php?rest_route=\/wp\/v2\/pages\/43\/revisions\/295"}],"wp:attachment":[{"href":"https:\/\/maxance.icca-reims.fr\/index.php?rest_route=%2Fwp%2Fv2%2Fmedia&parent=43"}],"curies":[{"name":"wp","href":"https:\/\/api.w.org\/{rel}","templated":true}]}}